{"id":136,"date":"2019-10-21T16:36:49","date_gmt":"2019-10-21T16:36:49","guid":{"rendered":"https:\/\/gonzalo-tapia.es\/?page_id=136"},"modified":"2025-04-23T15:26:15","modified_gmt":"2025-04-23T15:26:15","slug":"lena","status":"publish","type":"page","link":"https:\/\/gonzalo-tapia.es\/index.php\/lena\/","title":{"rendered":"Lena"},"content":{"rendered":"<p>[et_pb_section fb_built=\u00bb1&#8243; admin_label=\u00bbPage Title Section\u00bb _builder_version=\u00bb4.16&#8243; background_color=\u00bb#000000&#8243; background_color_gradient_direction=\u00bb90deg\u00bb background_size=\u00bbinitial\u00bb background_blend=\u00bboverlay\u00bb custom_padding=\u00bb150px||150px|\u00bb global_colors_info=\u00bb{}\u00bb][et_pb_row _builder_version=\u00bb4.16&#8243; background_size=\u00bbinitial\u00bb background_position=\u00bbtop_left\u00bb background_repeat=\u00bbrepeat\u00bb max_width=\u00bb960px\u00bb custom_margin=\u00bb||40px|0px\u00bb custom_padding=\u00bb3px|0|0|17.2%|false|false\u00bb animation_style=\u00bbslide\u00bb animation_direction=\u00bbleft\u00bb animation_intensity_slide=\u00bb2%\u00bb border_radii=\u00bb||6px|6px|\u00bb border_color_all=\u00bb#ffffff\u00bb border_width_right=\u00bb30px\u00bb border_color_right=\u00bb#bdada0&#8243; use_custom_width=\u00bbon\u00bb custom_width_px=\u00bb960px\u00bb global_colors_info=\u00bb{}\u00bb][et_pb_column type=\u00bb4_4&#8243; _builder_version=\u00bb4.16&#8243; background_color=\u00bb#000000&#8243; overflow-x=\u00bbhidden\u00bb overflow-y=\u00bbhidden\u00bb custom_padding=\u00bb|||\u00bb custom_padding_tablet=\u00bb|||10%\u00bb custom_padding_last_edited=\u00bboff|desktop\u00bb global_colors_info=\u00bb{}\u00bb custom_padding__hover=\u00bb|||\u00bb][et_pb_text admin_label=\u00bbTitle\u00bb _builder_version=\u00bb4.16&#8243; text_font=\u00bbVerdana||||||||\u00bb header_font=\u00bbVerdana|700|||||||\u00bb header_font_size=\u00bb70px\u00bb header_line_height=\u00bb1.2em\u00bb header_4_font=\u00bb||||||||\u00bb background_layout=\u00bbdark\u00bb custom_margin=\u00bb|||\u00bb custom_padding=\u00bb|||\u00bb header_font_size_tablet=\u00bb40px\u00bb header_font_size_phone=\u00bb\u00bb header_font_size_last_edited=\u00bbon|tablet\u00bb border_color_all=\u00bb#000000&#8243; global_colors_info=\u00bb{}\u00bb]<\/p>\n<h2>Gonzalo Tapia Su\u00e1rez<\/h2>\n<p>[\/et_pb_text][\/et_pb_column][\/et_pb_row][et_pb_row _builder_version=\u00bb4.16&#8243; background_size=\u00bbinitial\u00bb background_position=\u00bbtop_left\u00bb background_repeat=\u00bbrepeat\u00bb max_width=\u00bb960px\u00bb custom_margin=\u00bb||40px|0px\u00bb custom_padding=\u00bb3px|0|0|17.2%|false|false\u00bb animation_style=\u00bbslide\u00bb animation_direction=\u00bbleft\u00bb animation_intensity_slide=\u00bb2%\u00bb border_radii=\u00bb||6px|6px|\u00bb border_color_all=\u00bb#ffffff\u00bb border_width_right=\u00bb30px\u00bb border_color_right=\u00bb#bdada0&#8243; use_custom_width=\u00bbon\u00bb custom_width_px=\u00bb960px\u00bb global_colors_info=\u00bb{}\u00bb][et_pb_column type=\u00bb4_4&#8243; _builder_version=\u00bb4.16&#8243; background_color=\u00bb#000000&#8243; overflow-x=\u00bbhidden\u00bb overflow-y=\u00bbhidden\u00bb custom_padding=\u00bb|||\u00bb custom_padding_tablet=\u00bb|||10%\u00bb custom_padding_last_edited=\u00bboff|desktop\u00bb global_colors_info=\u00bb{}\u00bb custom_padding__hover=\u00bb|||\u00bb][et_pb_text admin_label=\u00bbTitle\u00bb _builder_version=\u00bb4.16&#8243; text_font=\u00bbVerdana||||||||\u00bb header_font=\u00bbVerdana|700|||||||\u00bb header_font_size=\u00bb70px\u00bb header_line_height=\u00bb1.2em\u00bb header_4_font=\u00bb||||||||\u00bb background_layout=\u00bbdark\u00bb custom_margin=\u00bb|||\u00bb custom_padding=\u00bb|||\u00bb header_font_size_tablet=\u00bb40px\u00bb header_font_size_phone=\u00bb\u00bb header_font_size_last_edited=\u00bbon|tablet\u00bb border_color_all=\u00bb#000000&#8243; global_colors_info=\u00bb{}\u00bb]<\/p>\n<h2>LENA (2001)<\/h2>\n<p>[\/et_pb_text][\/et_pb_column][\/et_pb_row][et_pb_row column_structure=\u00bb1_2,1_2&#8243; _builder_version=\u00bb4.16&#8243; custom_padding=\u00bb70px||70px|\u00bb global_colors_info=\u00bb{}\u00bb][et_pb_column type=\u00bb1_2&#8243; _builder_version=\u00bb4.16&#8243; custom_padding=\u00bb|||\u00bb custom_padding_tablet=\u00bb40px|40px|40px|40px\u00bb custom_padding_phone=\u00bb\u00bb custom_padding_last_edited=\u00bbon|tablet\u00bb global_colors_info=\u00bb{}\u00bb custom_padding__hover=\u00bb|||\u00bb][et_pb_image src=\u00bbhttps:\/\/gonzalo-tapia.es\/wp-content\/uploads\/2019\/02\/lena-634516728-large.jpg\u00bb _builder_version=\u00bb4.16&#8243; global_colors_info=\u00bb{}\u00bb][\/et_pb_image][\/et_pb_column][et_pb_column type=\u00bb1_2&#8243; _builder_version=\u00bb4.16&#8243; custom_padding=\u00bb|||\u00bb global_colors_info=\u00bb{}\u00bb custom_padding__hover=\u00bb|||\u00bb][et_pb_text _builder_version=\u00bb4.19.2&#8243; text_font=\u00bbVerdana||||||||\u00bb text_text_color=\u00bb#ffffff\u00bb text_font_size=\u00bb18px\u00bb text_line_height=\u00bb1.8em\u00bb header_font=\u00bb||||||||\u00bb max_width=\u00bb600px\u00bb custom_margin=\u00bb|||\u00bb custom_padding=\u00bb||10px|\u00bb animation_style=\u00bbslide\u00bb animation_direction=\u00bbright\u00bb animation_intensity_slide=\u00bb5%\u00bb animation_starting_opacity=\u00bb100%\u00bb hover_enabled=\u00bb0&#8243; locked=\u00bboff\u00bb global_colors_info=\u00bb{}\u00bb sticky_enabled=\u00bb0&#8243;]<\/p>\n<div style=\"width: 640px;\" class=\"wp-video\"><video class=\"wp-video-shortcode\" id=\"video-136-1\" width=\"640\" height=\"376\" preload=\"metadata\" controls=\"controls\"><source type=\"video\/mp4\" src=\"https:\/\/gonzalo-tapia.es\/wp-content\/uploads\/2025\/04\/lena%20(360p).mp4?_=1\" \/><a href=\"https:\/\/gonzalo-tapia.es\/wp-content\/uploads\/2025\/04\/lena%20(360p).mp4\">https:\/\/gonzalo-tapia.es\/wp-content\/uploads\/2025\/04\/lena%20(360p).mp4<\/a><\/video><\/div>\n<p class=\"western\" style=\"margin-bottom: 0cm;\">\n<p class=\"western\" style=\"margin-bottom: 0cm; text-align: justify;\">La acci\u00f3n trascurre en Vigo, a finales del siglo XX, donde Lena intenta ayudar a su padre envuelto en turbios asuntos. Su arrojo y valent\u00eda le llevar\u00e1n a superar todos los problemas que se ponen por delante.<\/p>\n<p class=\"western\" style=\"margin-bottom: 0cm;\">Protagonistas: Marta Larralde, Manuel Manqui\u00f1a, Roberto \u00c1lvarez<\/p>\n<hr \/>\n<p class=\"western\" style=\"margin-bottom: 0cm; text-align: justify;\"><i>Located in Vigo, in the late twentieth century, Lena survives her selfish father, learns to deal with gangsters while trying to live a normal life for an 18-year-old girl. Her courage will lead her to overcome all the problems that lie ahead.<\/i><\/p>\n<p class=\"western\" style=\"margin-bottom: 0cm;\"><i>Starring: Marta Larralde, Manuel Manqui\u00f1a, Roberto \u00c1lvarez<\/i><\/p>\n<p class=\"western\" style=\"margin-bottom: 0cm;\"><span style=\"color: #000080;\" color=\"#000080\"><span lang=\"zxx\"><u><a href=\"https:\/\/www.imdb.com\/title\/tt0277797\/?ref_=rvi_tt\"><i>IMDB<\/i><\/a><\/u><\/span><\/span><\/p>\n<p>[\/et_pb_text][\/et_pb_column][\/et_pb_row][\/et_pb_section]<\/p>\n","protected":false},"excerpt":{"rendered":"<p>Gonzalo Tapia Su\u00e1rezLENA (2001)<div style=\"width: 640px;\" class=\"wp-video\"><video class=\"wp-video-shortcode\" id=\"video-136-2\" width=\"640\" height=\"376\" preload=\"metadata\" controls=\"controls\"><source type=\"video\/mp4\" src=\"https:\/\/gonzalo-tapia.es\/wp-content\/uploads\/2025\/04\/lena%20(360p).mp4?_=2\" \/><a href=\"https:\/\/gonzalo-tapia.es\/wp-content\/uploads\/2025\/04\/lena%20(360p).mp4\">https:\/\/gonzalo-tapia.es\/wp-content\/uploads\/2025\/04\/lena%20(360p).mp4<\/a><\/video><\/div> La acci\u00f3n trascurre en Vigo, a finales del siglo XX, donde Lena intenta ayudar a su padre envuelto en turbios asuntos. Su arrojo y valent\u00eda le llevar\u00e1n a superar todos los problemas que se ponen por delante. Protagonistas: Marta Larralde, Manuel Manqui\u00f1a, Roberto \u00c1lvarez Located in Vigo, [&hellip;]<\/p>\n","protected":false},"author":1,"featured_media":0,"parent":0,"menu_order":0,"comment_status":"closed","ping_status":"closed","template":"","meta":{"_et_pb_use_builder":"on","_et_pb_old_content":"","_et_gb_content_width":"","footnotes":""},"class_list":["post-136","page","type-page","status-publish","hentry"],"_links":{"self":[{"href":"https:\/\/gonzalo-tapia.es\/index.php\/wp-json\/wp\/v2\/pages\/136","targetHints":{"allow":["GET"]}}],"collection":[{"href":"https:\/\/gonzalo-tapia.es\/index.php\/wp-json\/wp\/v2\/pages"}],"about":[{"href":"https:\/\/gonzalo-tapia.es\/index.php\/wp-json\/wp\/v2\/types\/page"}],"author":[{"embeddable":true,"href":"https:\/\/gonzalo-tapia.es\/index.php\/wp-json\/wp\/v2\/users\/1"}],"replies":[{"embeddable":true,"href":"https:\/\/gonzalo-tapia.es\/index.php\/wp-json\/wp\/v2\/comments?post=136"}],"version-history":[{"count":5,"href":"https:\/\/gonzalo-tapia.es\/index.php\/wp-json\/wp\/v2\/pages\/136\/revisions"}],"predecessor-version":[{"id":385,"href":"https:\/\/gonzalo-tapia.es\/index.php\/wp-json\/wp\/v2\/pages\/136\/revisions\/385"}],"wp:attachment":[{"href":"https:\/\/gonzalo-tapia.es\/index.php\/wp-json\/wp\/v2\/media?parent=136"}],"curies":[{"name":"wp","href":"https:\/\/api.w.org\/{rel}","templated":true}]}}