{"id":145,"date":"2019-10-21T18:07:47","date_gmt":"2019-10-21T18:07:47","guid":{"rendered":"https:\/\/gonzalo-tapia.es\/?page_id=145"},"modified":"2025-04-24T16:42:19","modified_gmt":"2025-04-24T16:42:19","slug":"neckan","status":"publish","type":"page","link":"https:\/\/gonzalo-tapia.es\/index.php\/neckan\/","title":{"rendered":"Neckan"},"content":{"rendered":"<p>[et_pb_section fb_built=\u00bb1&#8243; admin_label=\u00bbPage Title Section\u00bb _builder_version=\u00bb4.16&#8243; background_color=\u00bb#000000&#8243; background_color_gradient_direction=\u00bb90deg\u00bb background_size=\u00bbinitial\u00bb background_blend=\u00bboverlay\u00bb custom_padding=\u00bb150px||150px|\u00bb global_colors_info=\u00bb{}\u00bb][et_pb_row _builder_version=\u00bb4.16&#8243; background_size=\u00bbinitial\u00bb background_position=\u00bbtop_left\u00bb background_repeat=\u00bbrepeat\u00bb max_width=\u00bb960px\u00bb custom_margin=\u00bb||40px|0px\u00bb custom_padding=\u00bb3px|0|0|17.2%|false|false\u00bb animation_style=\u00bbslide\u00bb animation_direction=\u00bbleft\u00bb animation_intensity_slide=\u00bb2%\u00bb border_radii=\u00bb||6px|6px|\u00bb border_color_all=\u00bb#ffffff\u00bb border_width_right=\u00bb30px\u00bb border_color_right=\u00bb#bdada0&#8243; use_custom_width=\u00bbon\u00bb custom_width_px=\u00bb960px\u00bb global_colors_info=\u00bb{}\u00bb][et_pb_column type=\u00bb4_4&#8243; _builder_version=\u00bb4.16&#8243; background_color=\u00bb#000000&#8243; overflow-x=\u00bbhidden\u00bb overflow-y=\u00bbhidden\u00bb custom_padding=\u00bb|||\u00bb custom_padding_tablet=\u00bb|||10%\u00bb custom_padding_last_edited=\u00bboff|desktop\u00bb global_colors_info=\u00bb{}\u00bb custom_padding__hover=\u00bb|||\u00bb][et_pb_text admin_label=\u00bbTitle\u00bb _builder_version=\u00bb4.16&#8243; text_font=\u00bbVerdana||||||||\u00bb header_font=\u00bbVerdana|700|||||||\u00bb header_font_size=\u00bb70px\u00bb header_line_height=\u00bb1.2em\u00bb header_4_font=\u00bb||||||||\u00bb background_layout=\u00bbdark\u00bb custom_margin=\u00bb|||\u00bb custom_padding=\u00bb|||\u00bb header_font_size_tablet=\u00bb40px\u00bb header_font_size_phone=\u00bb\u00bb header_font_size_last_edited=\u00bbon|tablet\u00bb border_color_all=\u00bb#000000&#8243; global_colors_info=\u00bb{}\u00bb]<\/p>\n<h2>Gonzalo Tapia Su\u00e1rez<\/h2>\n<p>[\/et_pb_text][\/et_pb_column][\/et_pb_row][et_pb_row _builder_version=\u00bb4.16&#8243; background_size=\u00bbinitial\u00bb background_position=\u00bbtop_left\u00bb background_repeat=\u00bbrepeat\u00bb max_width=\u00bb960px\u00bb custom_margin=\u00bb||40px|0px\u00bb custom_padding=\u00bb3px|0|0|17.2%|false|false\u00bb animation_style=\u00bbslide\u00bb animation_direction=\u00bbleft\u00bb animation_intensity_slide=\u00bb2%\u00bb border_radii=\u00bb||6px|6px|\u00bb border_color_all=\u00bb#ffffff\u00bb border_width_right=\u00bb30px\u00bb border_color_right=\u00bb#bdada0&#8243; use_custom_width=\u00bbon\u00bb custom_width_px=\u00bb960px\u00bb global_colors_info=\u00bb{}\u00bb][et_pb_column type=\u00bb4_4&#8243; _builder_version=\u00bb4.16&#8243; background_color=\u00bb#000000&#8243; overflow-x=\u00bbhidden\u00bb overflow-y=\u00bbhidden\u00bb custom_padding=\u00bb|||\u00bb custom_padding_tablet=\u00bb|||10%\u00bb custom_padding_last_edited=\u00bboff|desktop\u00bb global_colors_info=\u00bb{}\u00bb custom_padding__hover=\u00bb|||\u00bb][et_pb_text admin_label=\u00bbTitle\u00bb _builder_version=\u00bb4.16&#8243; text_font=\u00bbVerdana||||||||\u00bb header_font=\u00bbVerdana|700|||||||\u00bb header_font_size=\u00bb70px\u00bb header_line_height=\u00bb1.2em\u00bb header_4_font=\u00bb||||||||\u00bb background_layout=\u00bbdark\u00bb custom_margin=\u00bb|||\u00bb custom_padding=\u00bb|||\u00bb header_font_size_tablet=\u00bb40px\u00bb header_font_size_phone=\u00bb\u00bb header_font_size_last_edited=\u00bbon|tablet\u00bb border_color_all=\u00bb#000000&#8243; global_colors_info=\u00bb{}\u00bb]<\/p>\n<h2>NECKAN (2016)<\/h2>\n<p>[\/et_pb_text][\/et_pb_column][\/et_pb_row][et_pb_row column_structure=\u00bb1_2,1_2&#8243; _builder_version=\u00bb4.16&#8243; custom_padding=\u00bb70px||70px|\u00bb global_colors_info=\u00bb{}\u00bb][et_pb_column type=\u00bb1_2&#8243; _builder_version=\u00bb4.16&#8243; custom_padding=\u00bb|||\u00bb custom_padding_tablet=\u00bb40px|40px|40px|40px\u00bb custom_padding_phone=\u00bb\u00bb custom_padding_last_edited=\u00bbon|tablet\u00bb global_colors_info=\u00bb{}\u00bb custom_padding__hover=\u00bb|||\u00bb][et_pb_image src=\u00bbhttps:\/\/gonzalo-tapia.es\/wp-content\/uploads\/2019\/02\/neckan-710472821-large.jpg\u00bb _builder_version=\u00bb4.16&#8243; global_colors_info=\u00bb{}\u00bb][\/et_pb_image][\/et_pb_column][et_pb_column type=\u00bb1_2&#8243; _builder_version=\u00bb4.16&#8243; custom_padding=\u00bb|||\u00bb global_colors_info=\u00bb{}\u00bb custom_padding__hover=\u00bb|||\u00bb][et_pb_text _builder_version=\u00bb4.19.2&#8243; text_font=\u00bbVerdana||||||||\u00bb text_text_color=\u00bb#ffffff\u00bb text_font_size=\u00bb18px\u00bb text_line_height=\u00bb1.8em\u00bb header_font=\u00bb||||||||\u00bb max_width=\u00bb600px\u00bb custom_margin=\u00bb|||\u00bb custom_padding=\u00bb||10px|\u00bb animation_style=\u00bbslide\u00bb animation_direction=\u00bbright\u00bb animation_intensity_slide=\u00bb5%\u00bb animation_starting_opacity=\u00bb100%\u00bb hover_enabled=\u00bb0&#8243; locked=\u00bboff\u00bb global_colors_info=\u00bb{}\u00bb sticky_enabled=\u00bb0&#8243;]<\/p>\n<p class=\"western\" style=\"margin-bottom: 0cm;\"><span style=\"color: #000080;\" color=\"#000080\"><span lang=\"zxx\"><u><a><\/a><\/u><\/span><\/span><\/p>\n<p class=\"western\" style=\"margin-bottom: 0cm;\"><span style=\"font-size: large;\" size=\"4\"><b>NECKHAN<\/b><\/span><\/p>\n<p class=\"western\" style=\"margin-bottom: 0cm;\"><a href=\"https:\/\/gonzalo-tapia.es\/wp-content\/uploads\/2025\/04\/neckan.mp4\" rel=\"attachment wp-att-389\">ver<\/a><\/p>\n<p class=\"western\" style=\"margin-bottom: 0cm;\"><a href=\"https:\/\/gonzalo-tapia.es\/wp-content\/uploads\/2025\/04\/neckan_sono-qt_vimeo.mov\"><\/a>En 1956 cuando la independencia de Marruecos, un joven abogado que fue adoptado de ni\u00f1o, desenreda una trama asesina mientras busca la verdad sobre su familia biol\u00f3gica.<br \/>Protagonistas: Pablo Rivero, Hermann Bonn\u00edn, Natalia Plasencia<\/p>\n<hr \/>\n<p class=\"western\" style=\"text-align: justify;\">I<i>n 1956 Morocco, a Spanish lawyer who was adopted as a child unravels a murderous plot as he searches for the truth about his biological family.<\/i><\/p>\n<p class=\"western\" style=\"margin-bottom: 0cm;\"><i>Starring: Pablo Rivero, Hermann Bonn\u00edn, Natalia Plasencia<\/i><\/p>\n<p class=\"western\" style=\"margin-bottom: 0cm;\"><span style=\"color: #000080;\" color=\"#000080\"><span lang=\"zxx\"><u><a href=\"https:\/\/www.imdb.com\/title\/tt3201654\/\"><i>IMDB<\/i><\/a><\/u><\/span><\/span><\/p>\n<p>[\/et_pb_text][\/et_pb_column][\/et_pb_row][\/et_pb_section]<\/p>\n","protected":false},"excerpt":{"rendered":"<p>Gonzalo Tapia Su\u00e1rezNECKAN (2016) NECKHAN ver En 1956 cuando la independencia de Marruecos, un joven abogado que fue adoptado de ni\u00f1o, desenreda una trama asesina mientras busca la verdad sobre su familia biol\u00f3gica.Protagonistas: Pablo Rivero, Hermann Bonn\u00edn, Natalia Plasencia In 1956 Morocco, a Spanish lawyer who was adopted as a child unravels a murderous plot [&hellip;]<\/p>\n","protected":false},"author":1,"featured_media":0,"parent":0,"menu_order":0,"comment_status":"closed","ping_status":"closed","template":"","meta":{"_et_pb_use_builder":"on","_et_pb_old_content":"","_et_gb_content_width":"","footnotes":""},"class_list":["post-145","page","type-page","status-publish","hentry"],"_links":{"self":[{"href":"https:\/\/gonzalo-tapia.es\/index.php\/wp-json\/wp\/v2\/pages\/145","targetHints":{"allow":["GET"]}}],"collection":[{"href":"https:\/\/gonzalo-tapia.es\/index.php\/wp-json\/wp\/v2\/pages"}],"about":[{"href":"https:\/\/gonzalo-tapia.es\/index.php\/wp-json\/wp\/v2\/types\/page"}],"author":[{"embeddable":true,"href":"https:\/\/gonzalo-tapia.es\/index.php\/wp-json\/wp\/v2\/users\/1"}],"replies":[{"embeddable":true,"href":"https:\/\/gonzalo-tapia.es\/index.php\/wp-json\/wp\/v2\/comments?post=145"}],"version-history":[{"count":7,"href":"https:\/\/gonzalo-tapia.es\/index.php\/wp-json\/wp\/v2\/pages\/145\/revisions"}],"predecessor-version":[{"id":450,"href":"https:\/\/gonzalo-tapia.es\/index.php\/wp-json\/wp\/v2\/pages\/145\/revisions\/450"}],"wp:attachment":[{"href":"https:\/\/gonzalo-tapia.es\/index.php\/wp-json\/wp\/v2\/media?parent=145"}],"curies":[{"name":"wp","href":"https:\/\/api.w.org\/{rel}","templated":true}]}}