{"id":164,"date":"2019-10-22T09:54:52","date_gmt":"2019-10-22T09:54:52","guid":{"rendered":"https:\/\/gonzalo-tapia.es\/?page_id=164"},"modified":"2025-04-24T14:15:52","modified_gmt":"2025-04-24T14:15:52","slug":"los-victorero","status":"publish","type":"page","link":"https:\/\/gonzalo-tapia.es\/index.php\/los-victorero\/","title":{"rendered":"los victorero"},"content":{"rendered":"<p>[et_pb_section fb_built=\u00bb1&#8243; admin_label=\u00bbPage Title Section\u00bb _builder_version=\u00bb4.16&#8243; background_color=\u00bb#000000&#8243; background_color_gradient_direction=\u00bb90deg\u00bb background_size=\u00bbinitial\u00bb background_blend=\u00bboverlay\u00bb custom_padding=\u00bb150px||150px|\u00bb global_colors_info=\u00bb{}\u00bb][et_pb_row _builder_version=\u00bb4.16&#8243; background_size=\u00bbinitial\u00bb background_position=\u00bbtop_left\u00bb background_repeat=\u00bbrepeat\u00bb max_width=\u00bb960px\u00bb custom_margin=\u00bb||40px|0px\u00bb custom_padding=\u00bb3px|0|0|17.2%|false|false\u00bb animation_style=\u00bbslide\u00bb animation_direction=\u00bbleft\u00bb animation_intensity_slide=\u00bb2%\u00bb border_radii=\u00bb||6px|6px|\u00bb border_color_all=\u00bb#ffffff\u00bb border_width_right=\u00bb30px\u00bb border_color_right=\u00bb#bdada0&#8243; use_custom_width=\u00bbon\u00bb custom_width_px=\u00bb960px\u00bb global_colors_info=\u00bb{}\u00bb][et_pb_column type=\u00bb4_4&#8243; _builder_version=\u00bb4.16&#8243; background_color=\u00bb#000000&#8243; overflow-x=\u00bbhidden\u00bb overflow-y=\u00bbhidden\u00bb custom_padding=\u00bb|||\u00bb custom_padding_tablet=\u00bb|||10%\u00bb custom_padding_last_edited=\u00bboff|desktop\u00bb global_colors_info=\u00bb{}\u00bb custom_padding__hover=\u00bb|||\u00bb][et_pb_text admin_label=\u00bbTitle\u00bb _builder_version=\u00bb4.16&#8243; text_font=\u00bbVerdana||||||||\u00bb header_font=\u00bbVerdana|700|||||||\u00bb header_font_size=\u00bb70px\u00bb header_line_height=\u00bb1.2em\u00bb header_4_font=\u00bb||||||||\u00bb background_layout=\u00bbdark\u00bb custom_margin=\u00bb|||\u00bb custom_padding=\u00bb|||\u00bb header_font_size_tablet=\u00bb40px\u00bb header_font_size_phone=\u00bb\u00bb header_font_size_last_edited=\u00bbon|tablet\u00bb border_color_all=\u00bb#000000&#8243; global_colors_info=\u00bb{}\u00bb]<\/p>\n<h2>Gonzalo Tapia Su\u00e1rez<\/h2>\n<p>[\/et_pb_text][\/et_pb_column][\/et_pb_row][et_pb_row _builder_version=\u00bb4.16&#8243; background_size=\u00bbinitial\u00bb background_position=\u00bbtop_left\u00bb background_repeat=\u00bbrepeat\u00bb max_width=\u00bb960px\u00bb custom_margin=\u00bb||40px|0px\u00bb custom_padding=\u00bb3px|0|0|17.2%|false|false\u00bb animation_style=\u00bbslide\u00bb animation_direction=\u00bbleft\u00bb animation_intensity_slide=\u00bb2%\u00bb border_radii=\u00bb||6px|6px|\u00bb border_color_all=\u00bb#ffffff\u00bb border_width_right=\u00bb30px\u00bb border_color_right=\u00bb#bdada0&#8243; use_custom_width=\u00bbon\u00bb custom_width_px=\u00bb960px\u00bb global_colors_info=\u00bb{}\u00bb][et_pb_column type=\u00bb4_4&#8243; _builder_version=\u00bb4.16&#8243; background_color=\u00bb#000000&#8243; overflow-x=\u00bbhidden\u00bb overflow-y=\u00bbhidden\u00bb custom_padding=\u00bb|||\u00bb custom_padding_tablet=\u00bb|||10%\u00bb custom_padding_last_edited=\u00bboff|desktop\u00bb global_colors_info=\u00bb{}\u00bb custom_padding__hover=\u00bb|||\u00bb][et_pb_text admin_label=\u00bbTitle\u00bb _builder_version=\u00bb4.16&#8243; text_font=\u00bbVerdana||||||||\u00bb header_font=\u00bbVerdana|700|||||||\u00bb header_font_size=\u00bb70px\u00bb header_line_height=\u00bb1.2em\u00bb header_4_font=\u00bb||||||||\u00bb background_layout=\u00bbdark\u00bb custom_margin=\u00bb|||\u00bb custom_padding=\u00bb|||\u00bb header_font_size_tablet=\u00bb40px\u00bb header_font_size_phone=\u00bb\u00bb header_font_size_last_edited=\u00bbon|tablet\u00bb border_color_all=\u00bb#000000&#8243; global_colors_info=\u00bb{}\u00bb]<\/p>\n<h2>Los Victorero. (2003)<\/h2>\n<p>[\/et_pb_text][\/et_pb_column][\/et_pb_row][et_pb_row column_structure=\u00bb1_2,1_2&#8243; _builder_version=\u00bb4.16&#8243; custom_padding=\u00bb70px||70px|\u00bb global_colors_info=\u00bb{}\u00bb][et_pb_column type=\u00bb1_2&#8243; _builder_version=\u00bb4.16&#8243; custom_padding=\u00bb|||\u00bb custom_padding_tablet=\u00bb40px|40px|40px|40px\u00bb custom_padding_phone=\u00bb\u00bb custom_padding_last_edited=\u00bbon|tablet\u00bb global_colors_info=\u00bb{}\u00bb custom_padding__hover=\u00bb|||\u00bb][et_pb_video _builder_version=\u00bb4.19.2&#8243; _module_preset=\u00bbdefault\u00bb global_colors_info=\u00bb{}\u00bb title_text=\u00bblos_victorero._historia_de_una_familia (480p)\u00bb src=\u00bbhttps:\/\/gonzalo-tapia.es\/wp-content\/uploads\/2025\/04\/los_victorero._historia_de_una_familia (480p).mp4&#8243; hover_enabled=\u00bb0&#8243; sticky_enabled=\u00bb0&#8243;][\/et_pb_video][\/et_pb_column][et_pb_column type=\u00bb1_2&#8243; _builder_version=\u00bb4.16&#8243; custom_padding=\u00bb|||\u00bb global_colors_info=\u00bb{}\u00bb custom_padding__hover=\u00bb|||\u00bb][et_pb_text _builder_version=\u00bb4.19.2&#8243; text_font=\u00bbVerdana||||||||\u00bb text_text_color=\u00bb#ffffff\u00bb text_font_size=\u00bb18px\u00bb text_line_height=\u00bb1.8em\u00bb header_font=\u00bb||||||||\u00bb max_width=\u00bb600px\u00bb custom_margin=\u00bb|||\u00bb custom_padding=\u00bb||10px|\u00bb animation_style=\u00bbslide\u00bb animation_direction=\u00bbright\u00bb animation_intensity_slide=\u00bb5%\u00bb animation_starting_opacity=\u00bb100%\u00bb locked=\u00bboff\u00bb global_colors_info=\u00bb{}\u00bb]<\/p>\n<p class=\"western\" style=\"margin-bottom: 0cm; text-align: justify;\"><span lang=\"es-ES\"><span style=\"text-decoration: none;\">Los Victorero era una familia de inventores, oligarcas y caciques nacional-cat\u00f3licos en el peque\u00f1o pueblo pesquero de Lastres, Asturias. Combinando tomas de 8 mm filmadas por Antonio Victorero y entrevistas con personas que les conocieron se muestra un mundo antiguo y claustrof\u00f3bico de principios del siglo XX, que ha desaparecido barrido por la modernidad.<\/span><\/span><\/p>\n<hr \/>\n<p class=\"western\" style=\"margin-bottom: 0cm; text-align: justify;\"><span lang=\"en-GB\"><i><span style=\"text-decoration: none;\">The Victorero were family of inventors, oligarchs and national-catholic chieftains in the small fishing town of Lastres, Asturias. Combining 8mm footage shot by Antonio Victorero and interviews with the people acquainted with them, I tried to show an ancient, claustrophobic world from the early 20th century, one that has now disappeared, swept away by modernity.<\/span><\/i><\/span><\/p>\n<p class=\"western\" style=\"margin-bottom: 0cm; text-align: justify;\"><span lang=\"en-GB\"><i><span style=\"text-decoration: none;\"><\/span><\/i><\/span><\/p>\n<p class=\"western\" style=\"margin-bottom: 0cm; text-align: justify;\"><a href=\"https:\/\/www.imdb.com\/title\/tt0457625\/\"><span lang=\"en-GB\"><span style=\"text-decoration: none;\">IMDB<\/span><\/span><\/a><\/p>\n<p>[\/et_pb_text][\/et_pb_column][\/et_pb_row][\/et_pb_section]<\/p>\n","protected":false},"excerpt":{"rendered":"<p>Gonzalo Tapia Su\u00e1rezLos Victorero. (2003)Los Victorero era una familia de inventores, oligarcas y caciques nacional-cat\u00f3licos en el peque\u00f1o pueblo pesquero de Lastres, Asturias. Combinando tomas de 8 mm filmadas por Antonio Victorero y entrevistas con personas que les conocieron se muestra un mundo antiguo y claustrof\u00f3bico de principios del siglo XX, que ha desaparecido barrido [&hellip;]<\/p>\n","protected":false},"author":1,"featured_media":0,"parent":0,"menu_order":0,"comment_status":"closed","ping_status":"closed","template":"","meta":{"_et_pb_use_builder":"on","_et_pb_old_content":"","_et_gb_content_width":"","footnotes":""},"class_list":["post-164","page","type-page","status-publish","hentry"],"_links":{"self":[{"href":"https:\/\/gonzalo-tapia.es\/index.php\/wp-json\/wp\/v2\/pages\/164","targetHints":{"allow":["GET"]}}],"collection":[{"href":"https:\/\/gonzalo-tapia.es\/index.php\/wp-json\/wp\/v2\/pages"}],"about":[{"href":"https:\/\/gonzalo-tapia.es\/index.php\/wp-json\/wp\/v2\/types\/page"}],"author":[{"embeddable":true,"href":"https:\/\/gonzalo-tapia.es\/index.php\/wp-json\/wp\/v2\/users\/1"}],"replies":[{"embeddable":true,"href":"https:\/\/gonzalo-tapia.es\/index.php\/wp-json\/wp\/v2\/comments?post=164"}],"version-history":[{"count":5,"href":"https:\/\/gonzalo-tapia.es\/index.php\/wp-json\/wp\/v2\/pages\/164\/revisions"}],"predecessor-version":[{"id":405,"href":"https:\/\/gonzalo-tapia.es\/index.php\/wp-json\/wp\/v2\/pages\/164\/revisions\/405"}],"wp:attachment":[{"href":"https:\/\/gonzalo-tapia.es\/index.php\/wp-json\/wp\/v2\/media?parent=164"}],"curies":[{"name":"wp","href":"https:\/\/api.w.org\/{rel}","templated":true}]}}