{"id":424,"date":"2025-04-24T16:18:46","date_gmt":"2025-04-24T16:18:46","guid":{"rendered":"https:\/\/gonzalo-tapia.es\/?page_id=424"},"modified":"2025-04-24T16:18:53","modified_gmt":"2025-04-24T16:18:53","slug":"el_hombre_un_viaje_a_estigia","status":"publish","type":"page","link":"https:\/\/gonzalo-tapia.es\/index.php\/el_hombre_un_viaje_a_estigia\/","title":{"rendered":"El hombre, un viaje a Estigia"},"content":{"rendered":"<p>[et_pb_section fb_built=\u00bb1&#8243; admin_label=\u00bbPage Title Section\u00bb _builder_version=\u00bb4.16&#8243; background_color=\u00bb#000000&#8243; background_color_gradient_direction=\u00bb90deg\u00bb background_size=\u00bbinitial\u00bb background_blend=\u00bboverlay\u00bb custom_padding=\u00bb150px||150px|\u00bb global_colors_info=\u00bb{}\u00bb][et_pb_row _builder_version=\u00bb4.16&#8243; background_size=\u00bbinitial\u00bb background_position=\u00bbtop_left\u00bb background_repeat=\u00bbrepeat\u00bb max_width=\u00bb960px\u00bb custom_margin=\u00bb||40px|0px\u00bb custom_padding=\u00bb3px|0|0|17.2%|false|false\u00bb animation_style=\u00bbslide\u00bb animation_direction=\u00bbleft\u00bb animation_intensity_slide=\u00bb2%\u00bb border_radii=\u00bb||6px|6px|\u00bb border_color_all=\u00bb#ffffff\u00bb border_width_right=\u00bb30px\u00bb border_color_right=\u00bb#bdada0&#8243; use_custom_width=\u00bbon\u00bb custom_width_px=\u00bb960px\u00bb global_colors_info=\u00bb{}\u00bb][et_pb_column type=\u00bb4_4&#8243; _builder_version=\u00bb4.16&#8243; background_color=\u00bb#000000&#8243; overflow-x=\u00bbhidden\u00bb overflow-y=\u00bbhidden\u00bb custom_padding=\u00bb|||\u00bb custom_padding_tablet=\u00bb|||10%\u00bb custom_padding_last_edited=\u00bboff|desktop\u00bb global_colors_info=\u00bb{}\u00bb custom_padding__hover=\u00bb|||\u00bb][et_pb_text admin_label=\u00bbTitle\u00bb _builder_version=\u00bb4.16&#8243; text_font=\u00bbVerdana||||||||\u00bb header_font=\u00bbVerdana|700|||||||\u00bb header_font_size=\u00bb70px\u00bb header_line_height=\u00bb1.2em\u00bb header_4_font=\u00bb||||||||\u00bb background_layout=\u00bbdark\u00bb custom_margin=\u00bb|||\u00bb custom_padding=\u00bb|||\u00bb header_font_size_tablet=\u00bb40px\u00bb header_font_size_phone=\u00bb\u00bb header_font_size_last_edited=\u00bbon|tablet\u00bb border_color_all=\u00bb#000000&#8243; global_colors_info=\u00bb{}\u00bb]<\/p>\n<h2>Gonzalo Tapia Su\u00e1rez<\/h2>\n<p>[\/et_pb_text][\/et_pb_column][\/et_pb_row][et_pb_row _builder_version=\u00bb4.16&#8243; background_size=\u00bbinitial\u00bb background_position=\u00bbtop_left\u00bb background_repeat=\u00bbrepeat\u00bb max_width=\u00bb960px\u00bb custom_margin=\u00bb||40px|0px\u00bb custom_padding=\u00bb3px|0|0|17.2%|false|false\u00bb animation_style=\u00bbslide\u00bb animation_direction=\u00bbleft\u00bb animation_intensity_slide=\u00bb2%\u00bb border_radii=\u00bb||6px|6px|\u00bb border_color_all=\u00bb#ffffff\u00bb border_width_right=\u00bb30px\u00bb border_color_right=\u00bb#bdada0&#8243; use_custom_width=\u00bbon\u00bb custom_width_px=\u00bb960px\u00bb global_colors_info=\u00bb{}\u00bb][et_pb_column type=\u00bb4_4&#8243; _builder_version=\u00bb4.16&#8243; background_color=\u00bb#000000&#8243; overflow-x=\u00bbhidden\u00bb overflow-y=\u00bbhidden\u00bb custom_padding=\u00bb|||\u00bb custom_padding_tablet=\u00bb|||10%\u00bb custom_padding_last_edited=\u00bboff|desktop\u00bb global_colors_info=\u00bb{}\u00bb custom_padding__hover=\u00bb|||\u00bb][et_pb_text admin_label=\u00bbTitle\u00bb _builder_version=\u00bb4.19.2&#8243; text_font=\u00bbVerdana||||||||\u00bb header_font=\u00bbVerdana|700|||||||\u00bb header_font_size=\u00bb70px\u00bb header_line_height=\u00bb1.2em\u00bb header_4_font=\u00bb||||||||\u00bb background_layout=\u00bbdark\u00bb custom_margin=\u00bb|||\u00bb custom_padding=\u00bb|||\u00bb hover_enabled=\u00bb0&#8243; header_font_size_tablet=\u00bb40px\u00bb header_font_size_phone=\u00bb\u00bb header_font_size_last_edited=\u00bbon|tablet\u00bb border_color_all=\u00bb#000000&#8243; global_colors_info=\u00bb{}\u00bb sticky_enabled=\u00bb0&#8243;]<\/p>\n<h2>El hombre, un viaje a Estigia. (1995)<\/h2>\n<p>[\/et_pb_text][\/et_pb_column][\/et_pb_row][et_pb_row column_structure=\u00bb1_2,1_2&#8243; _builder_version=\u00bb4.16&#8243; custom_padding=\u00bb70px||70px|\u00bb global_colors_info=\u00bb{}\u00bb][et_pb_column type=\u00bb1_2&#8243; _builder_version=\u00bb4.16&#8243; custom_padding=\u00bb|||\u00bb custom_padding_tablet=\u00bb40px|40px|40px|40px\u00bb custom_padding_phone=\u00bb\u00bb custom_padding_last_edited=\u00bbon|tablet\u00bb global_colors_info=\u00bb{}\u00bb custom_padding__hover=\u00bb|||\u00bb][et_pb_video src=\u00bbhttps:\/\/gonzalo-tapia.es\/wp-content\/uploads\/2025\/04\/el_hombre._un_viaje_a_estigia.-360p.mp4&#8243; _builder_version=\u00bb4.19.2&#8243; _module_preset=\u00bbdefault\u00bb hover_enabled=\u00bb0&#8243; global_colors_info=\u00bb{}\u00bb title_text=\u00bbel_hombre._un_viaje_a_estigia. (360p)\u00bb sticky_enabled=\u00bb0&#8243;][\/et_pb_video][\/et_pb_column][et_pb_column type=\u00bb1_2&#8243; _builder_version=\u00bb4.16&#8243; custom_padding=\u00bb|||\u00bb global_colors_info=\u00bb{}\u00bb custom_padding__hover=\u00bb|||\u00bb][et_pb_text _builder_version=\u00bb4.19.2&#8243; text_font=\u00bbVerdana||||||||\u00bb text_text_color=\u00bb#ffffff\u00bb text_font_size=\u00bb18px\u00bb text_line_height=\u00bb1.8em\u00bb header_font=\u00bb||||||||\u00bb max_width=\u00bb600px\u00bb custom_margin=\u00bb|||\u00bb custom_padding=\u00bb||10px|\u00bb animation_style=\u00bbslide\u00bb animation_direction=\u00bbright\u00bb animation_intensity_slide=\u00bb5%\u00bb animation_starting_opacity=\u00bb100%\u00bb hover_enabled=\u00bb0&#8243; locked=\u00bboff\u00bb global_colors_info=\u00bb{}\u00bb sticky_enabled=\u00bb0&#8243;]<\/p>\n<p class=\"western\" style=\"margin-bottom: 0cm; text-align: justify;\">Cuando alguien se muere s\u00fabitamente su mente trata de aferrarse a la vida, en este caso, de hacerle llegar a su destino. El cuerpo del protagonista est\u00e1 muerto, pero la mente vive, y desesperada, trata de mantener la existencia.<\/p>\n<hr \/>\n<p class=\"western\" style=\"margin-bottom: 0cm; text-align: justify;\"><em>When someone dies suddenly their mind tries to cling to life, in this case, to get them to their destination. The protagonist&#8217;s body is dead, but the mind lives, and in desperation, tries to maintain its existence.<\/em><\/p>\n<p>[\/et_pb_text][\/et_pb_column][\/et_pb_row][\/et_pb_section]<\/p>\n","protected":false},"excerpt":{"rendered":"<p>Gonzalo Tapia Su\u00e1rez El hombre, un viaje a Estigia. (1995)Cuando alguien se muere s\u00fabitamente su mente trata de aferrarse a la vida, en este caso, de hacerle llegar a su destino. El cuerpo del protagonista est\u00e1 muerto, pero la mente vive, y desesperada, trata de mantener la existencia. When someone dies suddenly their mind tries [&hellip;]<\/p>\n","protected":false},"author":1,"featured_media":0,"parent":0,"menu_order":0,"comment_status":"closed","ping_status":"closed","template":"","meta":{"_et_pb_use_builder":"on","_et_pb_old_content":"<p>[et_pb_section fb_built=\"1\" admin_label=\"Page Title Section\" _builder_version=\"4.16\" background_color=\"#000000\" background_color_gradient_direction=\"90deg\" background_size=\"initial\" background_blend=\"overlay\" custom_padding=\"150px||150px|\" global_colors_info=\"{}\"][et_pb_row _builder_version=\"4.16\" background_size=\"initial\" background_position=\"top_left\" background_repeat=\"repeat\" max_width=\"960px\" custom_margin=\"||40px|0px\" custom_padding=\"3px|0|0|17.2%|false|false\" animation_style=\"slide\" animation_direction=\"left\" animation_intensity_slide=\"2%\" border_radii=\"||6px|6px|\" border_color_all=\"#ffffff\" border_width_right=\"30px\" border_color_right=\"#bdada0\" use_custom_width=\"on\" custom_width_px=\"960px\" global_colors_info=\"{}\"][et_pb_column type=\"4_4\" _builder_version=\"4.16\" background_color=\"#000000\" overflow-x=\"hidden\" overflow-y=\"hidden\" custom_padding=\"|||\" custom_padding_tablet=\"|||10%\" custom_padding_last_edited=\"off|desktop\" global_colors_info=\"{}\" custom_padding__hover=\"|||\"][et_pb_text admin_label=\"Title\" _builder_version=\"4.16\" text_font=\"Verdana||||||||\" header_font=\"Verdana|700|||||||\" header_font_size=\"70px\" header_line_height=\"1.2em\" header_4_font=\"||||||||\" background_layout=\"dark\" custom_margin=\"|||\" custom_padding=\"|||\" header_font_size_tablet=\"40px\" header_font_size_phone=\"\" header_font_size_last_edited=\"on|tablet\" border_color_all=\"#000000\" global_colors_info=\"{}\"]<\/p><h2>Gonzalo Tapia Su\u00e1rez<\/h2><p>[\/et_pb_text][\/et_pb_column][\/et_pb_row][et_pb_row _builder_version=\"4.16\" background_size=\"initial\" background_position=\"top_left\" background_repeat=\"repeat\" max_width=\"960px\" custom_margin=\"||40px|0px\" custom_padding=\"3px|0|0|17.2%|false|false\" animation_style=\"slide\" animation_direction=\"left\" animation_intensity_slide=\"2%\" border_radii=\"||6px|6px|\" border_color_all=\"#ffffff\" border_width_right=\"30px\" border_color_right=\"#bdada0\" use_custom_width=\"on\" custom_width_px=\"960px\" global_colors_info=\"{}\"][et_pb_column type=\"4_4\" _builder_version=\"4.16\" background_color=\"#000000\" overflow-x=\"hidden\" overflow-y=\"hidden\" custom_padding=\"|||\" custom_padding_tablet=\"|||10%\" custom_padding_last_edited=\"off|desktop\" global_colors_info=\"{}\" custom_padding__hover=\"|||\"][et_pb_text admin_label=\"Title\" _builder_version=\"4.16\" text_font=\"Verdana||||||||\" header_font=\"Verdana|700|||||||\" header_font_size=\"70px\" header_line_height=\"1.2em\" header_4_font=\"||||||||\" background_layout=\"dark\" custom_margin=\"|||\" custom_padding=\"|||\" header_font_size_tablet=\"40px\" header_font_size_phone=\"\" header_font_size_last_edited=\"on|tablet\" border_color_all=\"#000000\" global_colors_info=\"{}\"]<\/p><h2>El viaje de Hern\u00e1n. (2004)<\/h2><p>[\/et_pb_text][\/et_pb_column][\/et_pb_row][et_pb_row column_structure=\"1_2,1_2\" _builder_version=\"4.16\" custom_padding=\"70px||70px|\" global_colors_info=\"{}\"][et_pb_column type=\"1_2\" _builder_version=\"4.16\" custom_padding=\"|||\" custom_padding_tablet=\"40px|40px|40px|40px\" custom_padding_phone=\"\" custom_padding_last_edited=\"on|tablet\" global_colors_info=\"{}\" custom_padding__hover=\"|||\"][et_pb_video src=\"https:\/\/gonzalo-tapia.es\/wp-content\/uploads\/2025\/04\/el_viaje_de_hernan-360p.mp4\" _builder_version=\"4.19.2\" _module_preset=\"default\" title_text=\"el_viaje_de_hern\u00e1n (360p)\" hover_enabled=\"0\" sticky_enabled=\"0\"][\/et_pb_video][\/et_pb_column][et_pb_column type=\"1_2\" _builder_version=\"4.16\" custom_padding=\"|||\" global_colors_info=\"{}\" custom_padding__hover=\"|||\"][et_pb_text _builder_version=\"4.19.2\" text_font=\"Verdana||||||||\" text_text_color=\"#ffffff\" text_font_size=\"18px\" text_line_height=\"1.8em\" header_font=\"||||||||\" max_width=\"600px\" custom_margin=\"|||\" custom_padding=\"||10px|\" animation_style=\"slide\" animation_direction=\"right\" animation_intensity_slide=\"5%\" animation_starting_opacity=\"100%\" hover_enabled=\"0\" locked=\"off\" global_colors_info=\"{}\" sticky_enabled=\"0\"]<\/p><p class=\"western\" style=\"margin-bottom: 0cm; text-align: justify;\"><span lang=\"es-ES\">Poco despu\u00e9s de los atentados de Madrid en la estaci\u00f3n de Atocha, el equipo de gesti\u00f3n de la Asociaci\u00f3n Docus se reuni\u00f3 para ver qu\u00e9 pod\u00eda hacer la asociaci\u00f3n. Decidieron que cada asociado deber\u00eda hacer un documental para un trabajo colectivo: \"11M. Todos \u00cdbamos en ese Tren\". Esta es la historia de Hern\u00e1n que viajaba en un tren que corr\u00eda paralelo a los que explotaron en su camino hacia Atocha.<\/span><\/p><hr \/><p class=\"western\" style=\"margin-bottom: 0cm; text-align: justify;\"><span lang=\"en-GB\"><i>Shortly after the Madrid bombings at Atocha station, the management team at Docus Asotiation met to see what the association could do.They decided that each associate should make a documentary for a collective work: \"11M. Todos \u00cdbamos en ese Tren\". This is the story of Hern\u00e1n who was travelling on one train that was running parallel to the ones that blew up on their way to Atocha<\/i><\/span><span lang=\"en-GB\">. <\/span><\/p><p>[\/et_pb_text][\/et_pb_column][\/et_pb_row][\/et_pb_section]<\/p>","_et_gb_content_width":"","footnotes":""},"class_list":["post-424","page","type-page","status-publish","hentry"],"_links":{"self":[{"href":"https:\/\/gonzalo-tapia.es\/index.php\/wp-json\/wp\/v2\/pages\/424","targetHints":{"allow":["GET"]}}],"collection":[{"href":"https:\/\/gonzalo-tapia.es\/index.php\/wp-json\/wp\/v2\/pages"}],"about":[{"href":"https:\/\/gonzalo-tapia.es\/index.php\/wp-json\/wp\/v2\/types\/page"}],"author":[{"embeddable":true,"href":"https:\/\/gonzalo-tapia.es\/index.php\/wp-json\/wp\/v2\/users\/1"}],"replies":[{"embeddable":true,"href":"https:\/\/gonzalo-tapia.es\/index.php\/wp-json\/wp\/v2\/comments?post=424"}],"version-history":[{"count":4,"href":"https:\/\/gonzalo-tapia.es\/index.php\/wp-json\/wp\/v2\/pages\/424\/revisions"}],"predecessor-version":[{"id":429,"href":"https:\/\/gonzalo-tapia.es\/index.php\/wp-json\/wp\/v2\/pages\/424\/revisions\/429"}],"wp:attachment":[{"href":"https:\/\/gonzalo-tapia.es\/index.php\/wp-json\/wp\/v2\/media?parent=424"}],"curies":[{"name":"wp","href":"https:\/\/api.w.org\/{rel}","templated":true}]}}